{"id":436,"date":"2020-04-14T22:42:21","date_gmt":"2020-04-14T15:42:21","guid":{"rendered":"http:\/\/kidsbynature.vn\/?page_id=436"},"modified":"2020-04-16T22:20:34","modified_gmt":"2020-04-16T15:20:34","slug":"phuong-phap-hoc-tap","status":"publish","type":"page","link":"https:\/\/kidsbynature.vn\/index.php\/phuong-phap-hoc-tap\/","title":{"rendered":"Ph\u01b0\u01a1ng ph\u00e1p h\u1ecdc t\u1eadp"},"content":{"rendered":"<h2 style=\"text-align: center;\">Ph\u01b0\u01a1ng ph\u00e1p h\u1ecdc t\u1eadp<\/h2>\n<p>Ph\u01b0\u01a1ng tr\u00ecnh \u0111\u01b0\u1ee3c thi\u1ebft k\u1ebf d\u1ef1a tr\u00ean ph\u01b0\u01a1ng ph\u00e1p h\u1ecdc t\u1eadp th\u00f4ng qua ho\u1ea1t \u0111\u1ed9ng vui ch\u01a1i, l\u1ea5y ng\u01b0\u1eddi h\u1ecdc l\u00e0m trung t\u00e2m. M\u1ed7i bu\u1ed5i g\u1eb7p m\u1eb7t trong kho\u1ea3ng 1 gi\u1edd, c\u00e1c em s\u1ebd nghe k\u1ec3 c\u00e1c c\u00e2u chuy\u1ec7n c\u1ee7a Vi\u1ec7t Nam v\u00e0 n\u01b0\u1edbc ngo\u00e0i. Ho\u1ea1t \u0111\u1ed9ng k\u1ec3 chuy\u1ec7n kh\u00f4ng ch\u1ec9 \u0111\u01a1n thu\u1ea7n l\u00e0 c\u00f4 gi\u00e1o k\u1ec3, h\u1ecdc sinh ng\u1ed3i nghe, m\u00e0 c\u00e1c em \u0111\u01b0\u1ee3c tham gia c\u00e1c ho\u1ea1t \u0111\u1ed9ng t\u01b0\u01a1ng t\u00e1c sinh \u0111\u1ed9ng v\u00e0 vui nh\u1ed9n. L\u1edbp h\u1ecdc c\u00f3 s\u0129 s\u1ed1\u00a0nh\u1ecf \u0111\u1ec3 \u0111\u1ea3m b\u1ea3o m\u1ed7i em nh\u1ecf trong l\u1edbp h\u1ecdc \u0111\u01b0\u1ee3c quan t\u00e2m \u0111\u00fang m\u1ee9c v\u00e0 lu\u00f4n c\u00f3 c\u01a1 h\u1ed9i \u0111\u1ec3 th\u1ec3 hi\u1ec7n b\u1ea3n th\u00e2n.<\/p>\n<p>Ngo\u00e0i ra, m\u1ed7i bu\u1ed5i k\u1ec3 chuy\u1ec7n c\u00f2n \u0111\u01b0\u1ee3c \u0111an xen c\u00e1c ho\u1ea1t \u0111\u1ed9ng T\u1ea1o h\u00ecnh ngh\u1ec7 thu\u1eadt, \u00c2m nh\u1ea1c, Nh\u1ea3y m\u00faa, Khoa h\u1ecdc, Kh\u00e1m ph\u00e1 v\u0103n h\u00f3a Vi\u1ec7t Nam v\u00e0 th\u1ebf gi\u1edbi\u2026 khi\u1ebfn bu\u1ed5i k\u1ec3 chuy\u1ec7n lu\u00f4n th\u00fa v\u1ecb v\u00e0 b\u1ea5t ng\u1edd!<\/p>\n","protected":false},"excerpt":{"rendered":"<p>Ph\u01b0\u01a1ng ph\u00e1p h\u1ecdc t\u1eadp Ph\u01b0\u01a1ng tr\u00ecnh \u0111\u01b0\u1ee3c thi\u1ebft k\u1ebf d\u1ef1a tr\u00ean ph\u01b0\u01a1ng ph\u00e1p h\u1ecdc t\u1eadp th\u00f4ng qua ho\u1ea1t \u0111\u1ed9ng vui ch\u01a1i, l\u1ea5y ng\u01b0\u1eddi h\u1ecdc l\u00e0m trung t\u00e2m. M\u1ed7i bu\u1ed5i g\u1eb7p m\u1eb7t trong kho\u1ea3ng 1 gi\u1edd, c\u00e1c em s\u1ebd nghe k\u1ec3 c\u00e1c c\u00e2u chuy\u1ec7n c\u1ee7a Vi\u1ec7t Nam v\u00e0 n\u01b0\u1edbc ngo\u00e0i. Ho\u1ea1t \u0111\u1ed9ng k\u1ec3 chuy\u1ec7n kh\u00f4ng ch\u1ec9 [&hellip;]<\/p>\n","protected":false},"author":2,"featured_media":0,"parent":0,"menu_order":0,"comment_status":"closed","ping_status":"closed","template":"","meta":[],"_links":{"self":[{"href":"https:\/\/kidsbynature.vn\/index.php\/wp-json\/wp\/v2\/pages\/436"}],"collection":[{"href":"https:\/\/kidsbynature.vn\/index.php\/wp-json\/wp\/v2\/pages"}],"about":[{"href":"https:\/\/kidsbynature.vn\/index.php\/wp-json\/wp\/v2\/types\/page"}],"author":[{"embeddable":true,"href":"https:\/\/kidsbynature.vn\/index.php\/wp-json\/wp\/v2\/users\/2"}],"replies":[{"embeddable":true,"href":"https:\/\/kidsbynature.vn\/index.php\/wp-json\/wp\/v2\/comments?post=436"}],"version-history":[{"count":3,"href":"https:\/\/kidsbynature.vn\/index.php\/wp-json\/wp\/v2\/pages\/436\/revisions"}],"predecessor-version":[{"id":475,"href":"https:\/\/kidsbynature.vn\/index.php\/wp-json\/wp\/v2\/pages\/436\/revisions\/475"}],"wp:attachment":[{"href":"https:\/\/kidsbynature.vn\/index.php\/wp-json\/wp\/v2\/media?parent=436"}],"curies":[{"name":"wp","href":"https:\/\/api.w.org\/{rel}","templated":true}]}}