{"id":152,"date":"2018-06-18T02:58:51","date_gmt":"2018-06-18T02:58:51","guid":{"rendered":"http:\/\/localhost\/kids\/?page_id=152"},"modified":"2018-06-18T02:58:51","modified_gmt":"2018-06-18T02:58:51","slug":"an-uong-thuc-don","status":"publish","type":"page","link":"https:\/\/kidsbynature.vn\/index.php\/an-uong-thuc-don\/","title":{"rendered":"\u0102n u\u1ed1ng &#038; Th\u1ef1c \u0111\u01a1n"},"content":{"rendered":"<h3 style=\"text-align: center;\">VI\u1ec6C \u0102N U\u1ed0NG V\u00c0 TH\u1ef0C \u0110\u01a0N CHO\u00a0TR\u1eba<br \/>\n\u0110\u01af\u1ee2C KIDS BY NATURE QUAN T\u00c2M NH\u01af TH\u1ebe N\u00c0O?<\/h3>\n<p>&nbsp;<\/p>\n<p style=\"text-align: justify;\">Th\u1ef1c \u0111\u01a1n c\u1ee7a tr\u01b0\u1eddng <strong>KBN<\/strong>\u00a0\u0111\u01b0\u1ee3c x\u00e2y d\u1ef1ng tr\u00ean c\u01a1 s\u1edf khoa h\u1ecdc dinh d\u01b0\u1ee1ng, \u0111\u00e1p \u1ee9ng nhu c\u1ea7u n\u0103ng l\u01b0\u1ee3ng v\u00e0 c\u00e2n \u0111\u1ed1i ch\u1ea5t c\u1ee7a tr\u1ebb. Theo quan \u0111i\u1ec3m khuy\u1ebfn kh\u00edch tr\u1ebb \u0111\u00f3ng vai tr\u00f2 ch\u1ee7 \u0111\u1ed9ng trong vi\u1ec7c h\u1ecdc v\u00e0 ph\u00e1t tri\u1ec3n c\u1ee7a ch\u00ednh m\u00ecnh, t\u1ea1i tr\u01b0\u1eddng <strong>KBN<\/strong>, h\u1ecdc sinh \u0111\u01b0\u1ee3c khuy\u1ebfn kh\u00edch t\u1ef1 ph\u1ee5c v\u1ee5 trong gi\u1edd \u0103n.<\/p>\n<p style=\"text-align: justify;\"><strong>B\u1eefa \u0103n c\u1ee7a tr\u1ebb \u0111\u01b0\u1ee3c x\u00e2y d\u1ef1ng theo nh\u1eefng ti\u00eau ch\u00ed sau<\/strong>:<\/p>\n<ul style=\"text-align: justify;\">\n<li>Th\u1ef1c ph\u1ea9m s\u1ea1ch, t\u01b0\u01a1i ngon, ngu\u1ed3n g\u1ed1c r\u00f5 r\u00e0ng, \u01b0u ti\u00ean c\u00e1c th\u1ef1c ph\u1ea9m ch\u1ea5t l\u01b0\u1ee3ng cao.<\/li>\n<li>Th\u1ef1c \u0111\u01a1n phong ph\u00fa, h\u1ea5p d\u1eabn tr\u1ebb, \u0111\u1ea3m b\u1ea3o ph\u1ed1i h\u1ee3p c\u00e2n \u0111\u1ed1i gi\u1eefa c\u00e1c nh\u00f3m th\u1ef1c ph\u1ea9m. Trong m\u1ed9t n\u0103m \u00edt nh\u1ea5t\u00a0 c\u00f3 hai b\u1eefa \u0103n buffet t\u1ef1 ch\u1ecdn.<\/li>\n<li>K\u1ef9 thu\u1eadt ch\u1ebf bi\u1ebfn h\u1ee3p kh\u1ea9u v\u1ecb phong ph\u00fa, m\u00f9i v\u1ecb th\u01a1m ngon, h\u1ea5p d\u1eabn tr\u1ebb.<\/li>\n<li>Th\u1ef1c \u00a0\u0111\u01a1n \u0111\u01b0\u1ee3c th\u00f4ng b\u00e1o t\u1ea1i b\u1ea3ng th\u00f4ng b\u00e1o h\u00e0ng tu\u1ea7n.<\/li>\n<\/ul>\n<p style=\"text-align: justify;\">Ngo\u00e0i ra, nh\u00e0 tr\u01b0\u1eddng cung c\u1ea5p b\u1eefa t\u1ed1i cho h\u1ecdc sinh theo y\u00eau c\u1ea7u.<\/p>\n","protected":false},"excerpt":{"rendered":"<p>VI\u1ec6C \u0102N U\u1ed0NG V\u00c0 TH\u1ef0C \u0110\u01a0N CHO\u00a0TR\u1eba \u0110\u01af\u1ee2C KIDS BY NATURE QUAN T\u00c2M NH\u01af TH\u1ebe N\u00c0O? &nbsp; Th\u1ef1c \u0111\u01a1n c\u1ee7a tr\u01b0\u1eddng KBN\u00a0\u0111\u01b0\u1ee3c x\u00e2y d\u1ef1ng tr\u00ean c\u01a1 s\u1edf khoa h\u1ecdc dinh d\u01b0\u1ee1ng, \u0111\u00e1p \u1ee9ng nhu c\u1ea7u n\u0103ng l\u01b0\u1ee3ng v\u00e0 c\u00e2n \u0111\u1ed1i ch\u1ea5t c\u1ee7a tr\u1ebb. Theo quan \u0111i\u1ec3m khuy\u1ebfn kh\u00edch tr\u1ebb \u0111\u00f3ng vai tr\u00f2 ch\u1ee7 \u0111\u1ed9ng trong [&hellip;]<\/p>\n","protected":false},"author":1,"featured_media":0,"parent":0,"menu_order":0,"comment_status":"closed","ping_status":"closed","template":"","meta":[],"_links":{"self":[{"href":"https:\/\/kidsbynature.vn\/index.php\/wp-json\/wp\/v2\/pages\/152"}],"collection":[{"href":"https:\/\/kidsbynature.vn\/index.php\/wp-json\/wp\/v2\/pages"}],"about":[{"href":"https:\/\/kidsbynature.vn\/index.php\/wp-json\/wp\/v2\/types\/page"}],"author":[{"embeddable":true,"href":"https:\/\/kidsbynature.vn\/index.php\/wp-json\/wp\/v2\/users\/1"}],"replies":[{"embeddable":true,"href":"https:\/\/kidsbynature.vn\/index.php\/wp-json\/wp\/v2\/comments?post=152"}],"version-history":[{"count":1,"href":"https:\/\/kidsbynature.vn\/index.php\/wp-json\/wp\/v2\/pages\/152\/revisions"}],"predecessor-version":[{"id":153,"href":"https:\/\/kidsbynature.vn\/index.php\/wp-json\/wp\/v2\/pages\/152\/revisions\/153"}],"wp:attachment":[{"href":"https:\/\/kidsbynature.vn\/index.php\/wp-json\/wp\/v2\/media?parent=152"}],"curies":[{"name":"wp","href":"https:\/\/api.w.org\/{rel}","templated":true}]}}