{"id":150,"date":"2018-06-18T02:58:29","date_gmt":"2018-06-18T02:58:29","guid":{"rendered":"http:\/\/localhost\/kids\/?page_id=150"},"modified":"2018-06-18T04:19:25","modified_gmt":"2018-06-18T04:19:25","slug":"lien-lac-gia-dinh-nha-truong","status":"publish","type":"page","link":"https:\/\/kidsbynature.vn\/index.php\/danh-cho-phu-huynh-kbn\/lien-lac-gia-dinh-nha-truong\/","title":{"rendered":"Li\u00ean l\u1ea1c gia \u0111\u00ecnh &#038; nh\u00e0 tr\u01b0\u1eddng"},"content":{"rendered":"<h3 style=\"text-align: center;\">LI\u00caN L\u1ea0C GI\u1eeeA GIA \u0110\u00ccNH &amp; NH\u00c0 TR\u01af\u1edcNG<\/h3>\n<p>&nbsp;<\/p>\n<h4 style=\"text-align: justify;\"><strong>V\u0103n ph\u00f2ng nh\u00e0 tr\u01b0\u1eddng<\/strong><\/h4>\n<p style=\"text-align: justify;\">V\u0103n ph\u00f2ng th\u01b0\u1eddng xuy\u00ean g\u1eedi c\u00e1c ch\u01b0\u01a1ng tr\u00ecnh h\u1ecdc, th\u00f4ng b\u00e1o v\u00e0 b\u1ea3n tin th\u00e1ng v\u1ec1 gia \u0111\u00ecnh \u0111\u1ec3 ph\u1ee5 huynh n\u1eafm \u0111\u01b0\u1ee3c nh\u1eefng s\u1ef1 ki\u1ec7n di\u1ec5n ra \u1edf tr\u01b0\u1eddng. Ph\u1ee5 huynh vui l\u00f2ng cung c\u1ea5p \u0111\u1ea7y \u0111\u1ee7 v\u00e0 ch\u00ednh x\u00e1c email khi nh\u1eadp h\u1ecdc. N\u1ebfu c\u00f3 s\u1ef1 thay \u0111\u1ed5i email, vui l\u00f2ng b\u00e1o ngay cho V\u0103n ph\u00f2ng Nh\u00e0 tr\u01b0\u1eddng \u0111\u1ec3 vi\u1ec7c li\u00ean l\u1ea1c gi\u1eefa Gia \u0111\u00ecnh v\u00e0 Nh\u00e0 tr\u01b0\u1eddng kh\u00f4ng b\u1ecb gi\u00e1n \u0111o\u1ea1n.<\/p>\n<h4 style=\"text-align: justify;\"><strong>S\u1ed5 li\u00ean l\u1ea1c<\/strong><\/h4>\n<p style=\"text-align: justify;\">Cu\u1ed1i m\u1ed7i th\u00e1ng ch\u00fang t\u00f4i g\u1eedi cu\u1ed1n S\u1ed5 li\u00ean l\u1ea1c v\u1ec1 gia \u0111\u00ecnh. Trong cu\u1ed1n s\u1ed5 n\u00e0y ch\u00fang t\u00f4i chia s\u1ebb c\u00e1c quan s\u00e1t v\u1ec1 s\u1ef1 ph\u00e1t tri\u1ec3n v\u00e0 h\u1ecdc t\u1eadp c\u1ee7a tr\u1ebb trong c\u00e1c ho\u1ea1t \u0111\u1ed9ng h\u00e0ng ng\u00e0y \u1edf tr\u01b0\u1eddng. Qua cu\u1ed1n S\u1ed5 li\u00ean l\u1ea1c, ch\u00fang t\u00f4i c\u0169ng mong nh\u1eadn \u0111\u01b0\u1ee3c nh\u1eefng \u00fd ki\u1ebfn \u0111\u00f3ng g\u00f3p, ph\u1ea3n h\u1ed3i c\u1ee7a ph\u1ee5 huynh.<\/p>\n<h4 style=\"text-align: justify;\"><strong>Phi\u1ebfu \u0111\u00e1nh gi\u00e1 k\u1ef9 n\u0103ng h\u1ecdc sinh<\/strong><\/h4>\n<p style=\"text-align: justify;\">Trong su\u1ed1t qu\u00e1 tr\u00ecnh ho\u1ea1t \u0111\u1ed9ng c\u1ee7a tr\u1ebb t\u1ea1i tr\u01b0\u1eddng, ch\u00fang t\u00f4i th\u01b0\u1eddng xuy\u00ean quan s\u00e1t c\u00e1c k\u1ef9 n\u0103ng h\u1ecdc t\u1eadp v\u00e0 t\u1ef1 ph\u1ee5c v\u1ee5 c\u1ee7a h\u1ecdc sinh nh\u1eb1m k\u1ecbp th\u1eddi \u0111i\u1ec1u ch\u1ec9nh ch\u01b0\u01a1ng tr\u00ecnh ph\u00f9 h\u1ee3p v\u1edbi \u0111\u1ed1i t\u01b0\u1ee3ng d\u1ea1y h\u1ecdc. Vi\u1ec7c theo d\u00f5i li\u00ean t\u1ee5c v\u00e0 h\u1ec7 th\u1ed1ng s\u1ebd cho th\u1ea5y qu\u00e1 tr\u00ecnh ph\u00e1t tri\u1ec3n v\u00e0 s\u1ef1 ti\u1ebfn b\u1ed9 c\u1ee7a m\u1ed7i h\u1ecdc sinh. M\u1ed9t n\u0103m hai l\u1ea7n, gi\u00e1o vi\u00ean t\u1eadp h\u1ee3p nh\u1eefng quan s\u00e1t trong m\u1ed9t phi\u1ebfu \u0111\u00e1nh gi\u00e1 k\u1ef9 n\u0103ng g\u1eedi v\u1ec1 cho gia \u0111\u00ecnh. \u0110\u00e2y l\u00e0 c\u00e1ch tuy\u1ec7t v\u1eddi \u0111\u1ec3 ghi nh\u1eadn v\u00e0 ph\u1ea3n \u00e1nh t\u00ecnh h\u00ecnh h\u1ecdc t\u1eadp c\u1ee7a tr\u1ebb t\u1ea1i tr\u01b0\u1eddng Kids By Nature.<\/p>\n","protected":false},"excerpt":{"rendered":"<p>LI\u00caN L\u1ea0C GI\u1eeeA GIA \u0110\u00ccNH &amp; NH\u00c0 TR\u01af\u1edcNG &nbsp; V\u0103n ph\u00f2ng nh\u00e0 tr\u01b0\u1eddng V\u0103n ph\u00f2ng th\u01b0\u1eddng xuy\u00ean g\u1eedi c\u00e1c ch\u01b0\u01a1ng tr\u00ecnh h\u1ecdc, th\u00f4ng b\u00e1o v\u00e0 b\u1ea3n tin th\u00e1ng v\u1ec1 gia \u0111\u00ecnh \u0111\u1ec3 ph\u1ee5 huynh n\u1eafm \u0111\u01b0\u1ee3c nh\u1eefng s\u1ef1 ki\u1ec7n di\u1ec5n ra \u1edf tr\u01b0\u1eddng. Ph\u1ee5 huynh vui l\u00f2ng cung c\u1ea5p \u0111\u1ea7y \u0111\u1ee7 v\u00e0 ch\u00ednh x\u00e1c email [&hellip;]<\/p>\n","protected":false},"author":1,"featured_media":0,"parent":143,"menu_order":0,"comment_status":"closed","ping_status":"closed","template":"","meta":[],"_links":{"self":[{"href":"https:\/\/kidsbynature.vn\/index.php\/wp-json\/wp\/v2\/pages\/150"}],"collection":[{"href":"https:\/\/kidsbynature.vn\/index.php\/wp-json\/wp\/v2\/pages"}],"about":[{"href":"https:\/\/kidsbynature.vn\/index.php\/wp-json\/wp\/v2\/types\/page"}],"author":[{"embeddable":true,"href":"https:\/\/kidsbynature.vn\/index.php\/wp-json\/wp\/v2\/users\/1"}],"replies":[{"embeddable":true,"href":"https:\/\/kidsbynature.vn\/index.php\/wp-json\/wp\/v2\/comments?post=150"}],"version-history":[{"count":2,"href":"https:\/\/kidsbynature.vn\/index.php\/wp-json\/wp\/v2\/pages\/150\/revisions"}],"predecessor-version":[{"id":209,"href":"https:\/\/kidsbynature.vn\/index.php\/wp-json\/wp\/v2\/pages\/150\/revisions\/209"}],"up":[{"embeddable":true,"href":"https:\/\/kidsbynature.vn\/index.php\/wp-json\/wp\/v2\/pages\/143"}],"wp:attachment":[{"href":"https:\/\/kidsbynature.vn\/index.php\/wp-json\/wp\/v2\/media?parent=150"}],"curies":[{"name":"wp","href":"https:\/\/api.w.org\/{rel}","templated":true}]}}