{"id":148,"date":"2018-06-18T02:58:00","date_gmt":"2018-06-18T02:58:00","guid":{"rendered":"http:\/\/localhost\/kids\/?page_id=148"},"modified":"2018-06-18T02:58:00","modified_gmt":"2018-06-18T02:58:00","slug":"y-te-va-cham-soc-an-toan","status":"publish","type":"page","link":"https:\/\/kidsbynature.vn\/index.php\/danh-cho-phu-huynh-kbn\/y-te-va-cham-soc-an-toan\/","title":{"rendered":"Y t\u1ebf v\u00e0 ch\u0103m s\u00f3c an to\u00e0n"},"content":{"rendered":"<h3 style=\"text-align: center;\">Y T\u1ebe V\u00c0 CH\u0102M S\u00d3C AN TO\u00c0N<\/h3>\n<h4 style=\"text-align: justify;\"><strong>Ti\u00eam ch\u1ee7ng<\/strong><\/h4>\n<p style=\"text-align: justify;\">V\u00ec l\u1ee3i \u00edch s\u1ee9c kho\u1ebb v\u00e0 an to\u00e0n cho tr\u1ebb, tr\u01b0\u1edbc khi \u0111\u1ebfn tr\u01b0\u1eddng, t\u1ea5t c\u1ea3 h\u1ecdc sinh c\u1ea7n \u0111\u01b0\u1ee3c ti\u00eam ch\u1ee7ng \u0111\u1ea7y \u0111\u1ee7 theo ch\u01b0\u01a1ng tr\u00ecnh ti\u00eam ch\u1ee7ng qu\u1ed1c gia. Khi nh\u1eadp h\u1ecdc, ph\u1ee5 huynh c\u1ea7n cung c\u1ea5p b\u1ea3n sao phi\u1ebfu ti\u00eam ch\u1ee7ng c\u1ee7a tr\u1ebb.<\/p>\n<h4 style=\"text-align: justify;\"><strong>Kh\u00e1m s\u1ee9c kh\u1ecfe \u0111\u1ecbnh k\u1ef3<\/strong><\/h4>\n<p style=\"text-align: justify;\">H\u1ecdc sinh s\u1ebd \u0111\u01b0\u1ee3c kh\u00e1m s\u1ee9c kh\u1ecfe \u0111\u1ecbnh k\u1ef3 2 l\u1ea7n\/ n\u0103m. Th\u00f4ng tin kh\u00e1m s\u1ee9c kh\u1ecfe s\u1ebd \u0111\u01b0\u1ee3c l\u01b0u trong s\u1ed5 kh\u00e1m s\u1ee9c kh\u1ecfe c\u1ee7a h\u1ecdc sinh, l\u01b0u trong h\u1ed3 s\u01a1 nh\u00e0 tr\u01b0\u1eddng v\u00e0 \u0111\u01b0\u1ee3c th\u00f4ng b\u00e1o \u0111\u1ebfn ph\u1ee5 huynh.<\/p>\n<h4 style=\"text-align: justify;\"><strong>Tr\u01b0\u1eddng h\u1ee3p y t\u1ebf kh\u1ea9n c\u1ea5p<\/strong><\/h4>\n<p style=\"text-align: justify;\">Trong tr\u01b0\u1eddng h\u1ee3p y t\u1ebf kh\u1ea9n c\u1ea5p, h\u1ecdc sinh s\u1ebd \u0111\u01b0\u1ee3c \u0111\u01b0a \u0111\u1ebfn B\u1ec7nh vi\u1ec7n Nhi Trung \u01af\u01a1ng (\u0110\u1ecba ch\u1ec9: s\u1ed1 18 ng\u00f5 879, La Th\u00e0nh, \u0110\u1ed1ng \u0110a, H\u00e0 N\u1ed9i) b\u1eb1ng taxi. M\u1ecdi ph\u00ed t\u1ed5n s\u1ebd do cha m\u1eb9 h\u1ecdc sinh thanh to\u00e1n theo c\u00e1c ho\u00e1 \u0111\u01a1n c\u1ee7a b\u1ec7nh vi\u1ec7n.<\/p>\n<p style=\"text-align: justify;\"><em><span style=\"text-decoration: underline;\">L\u01b0u \u00fd:<\/span> N\u1ebfu c\u00f3 b\u1ea5t k\u00ec thay \u0111\u1ed5i n\u00e0o v\u1ec1 s\u1ed1 \u0111i\u1ec7n tho\u1ea1i, \u0111\u1ecba ch\u1ec9 li\u00ean l\u1ea1c trong tr\u01b0\u1eddng h\u1ee3p kh\u1ea9n c\u1ea5p, ph\u1ee5 huynh c\u1ea7n th\u00f4ng b\u00e1o v\u1edbi v\u0103n ph\u00f2ng nh\u00e0 tr\u01b0\u1eddng \u0111\u1ec3 nh\u00e0 tr\u01b0\u1eddng c\u00f3 th\u1ec3 li\u00ean h\u1ec7 k\u1ecbp th\u1eddi khi c\u00f3 s\u1ef1 c\u1ed1 x\u1ea3y ra.<\/em><\/p>\n","protected":false},"excerpt":{"rendered":"<p>Y T\u1ebe V\u00c0 CH\u0102M S\u00d3C AN TO\u00c0N Ti\u00eam ch\u1ee7ng V\u00ec l\u1ee3i \u00edch s\u1ee9c kho\u1ebb v\u00e0 an to\u00e0n cho tr\u1ebb, tr\u01b0\u1edbc khi \u0111\u1ebfn tr\u01b0\u1eddng, t\u1ea5t c\u1ea3 h\u1ecdc sinh c\u1ea7n \u0111\u01b0\u1ee3c ti\u00eam ch\u1ee7ng \u0111\u1ea7y \u0111\u1ee7 theo ch\u01b0\u01a1ng tr\u00ecnh ti\u00eam ch\u1ee7ng qu\u1ed1c gia. Khi nh\u1eadp h\u1ecdc, ph\u1ee5 huynh c\u1ea7n cung c\u1ea5p b\u1ea3n sao phi\u1ebfu ti\u00eam ch\u1ee7ng c\u1ee7a tr\u1ebb. [&hellip;]<\/p>\n","protected":false},"author":1,"featured_media":0,"parent":143,"menu_order":0,"comment_status":"closed","ping_status":"closed","template":"","meta":[],"_links":{"self":[{"href":"https:\/\/kidsbynature.vn\/index.php\/wp-json\/wp\/v2\/pages\/148"}],"collection":[{"href":"https:\/\/kidsbynature.vn\/index.php\/wp-json\/wp\/v2\/pages"}],"about":[{"href":"https:\/\/kidsbynature.vn\/index.php\/wp-json\/wp\/v2\/types\/page"}],"author":[{"embeddable":true,"href":"https:\/\/kidsbynature.vn\/index.php\/wp-json\/wp\/v2\/users\/1"}],"replies":[{"embeddable":true,"href":"https:\/\/kidsbynature.vn\/index.php\/wp-json\/wp\/v2\/comments?post=148"}],"version-history":[{"count":1,"href":"https:\/\/kidsbynature.vn\/index.php\/wp-json\/wp\/v2\/pages\/148\/revisions"}],"predecessor-version":[{"id":149,"href":"https:\/\/kidsbynature.vn\/index.php\/wp-json\/wp\/v2\/pages\/148\/revisions\/149"}],"up":[{"embeddable":true,"href":"https:\/\/kidsbynature.vn\/index.php\/wp-json\/wp\/v2\/pages\/143"}],"wp:attachment":[{"href":"https:\/\/kidsbynature.vn\/index.php\/wp-json\/wp\/v2\/media?parent=148"}],"curies":[{"name":"wp","href":"https:\/\/api.w.org\/{rel}","templated":true}]}}