{"id":141,"date":"2018-06-18T02:44:43","date_gmt":"2018-06-18T02:44:43","guid":{"rendered":"http:\/\/localhost\/kids\/?page_id=141"},"modified":"2018-06-18T02:44:43","modified_gmt":"2018-06-18T02:44:43","slug":"thu-tuc-nhap-hoc","status":"publish","type":"page","link":"https:\/\/kidsbynature.vn\/index.php\/danh-cho-phu-huynh-tuong-lai\/thu-tuc-nhap-hoc\/","title":{"rendered":"Th\u1ee7 t\u1ee5c nh\u1eadp h\u1ecdc"},"content":{"rendered":"<h3 style=\"text-align: center;\">TH\u1ee6 T\u1ee4C NH\u1eacP H\u1eccC<\/h3>\n<p>Qu\u00fd v\u1ecb ph\u1ee5 huynh mu\u1ed1n \u0111\u0103ng k\u00fd nh\u1eadp h\u1ecdc cho con\u00a0vui l\u00f2ng in file:\u00a0<a href=\"http:\/\/kidsbynature.vn\/wp-content\/uploads\/2016\/10\/\u0110\u01a1n-xin-nh\u1eadp-h\u1ecdc-KBN_final.docx\">don-xin-nhap-hoc-kbn_final<\/a>, \u0111i\u1ec1n th\u00f4ng tin v\u00e0 g\u1eedi k\u00e8m \u0111\u1ea7y \u0111\u1ee7 h\u1ed3 s\u01a1 c\u1ee7a h\u1ecdc sinh theo h\u01b0\u1edbng d\u1eabn ghi trong &#8220;\u0110\u01a1n xin nh\u1eadp h\u1ecdc&#8221; n\u00e0y t\u1edbi \u0111\u1ecba ch\u1ec9:<\/p>\n<p style=\"text-align: center;\"><strong>Tr\u01b0\u1eddng M\u1ea7m Non Kids By Nature<\/strong><br \/>\n<strong>177 Trung K\u00ednh, Trung H\u00f2a, C\u1ea7u Gi\u1ea5y, H\u00e0 N\u1ed9i<br \/>\nGi\u1edd l\u00e0m vi\u1ec7c: 08h00 &#8211; 17h00 t\u1eeb th\u1ee9 2 \u0111\u1ebfn th\u1ee9 6\u00a0<\/strong><\/p>\n","protected":false},"excerpt":{"rendered":"<p>TH\u1ee6 T\u1ee4C NH\u1eacP H\u1eccC Qu\u00fd v\u1ecb ph\u1ee5 huynh mu\u1ed1n \u0111\u0103ng k\u00fd nh\u1eadp h\u1ecdc cho con\u00a0vui l\u00f2ng in file:\u00a0don-xin-nhap-hoc-kbn_final, \u0111i\u1ec1n th\u00f4ng tin v\u00e0 g\u1eedi k\u00e8m \u0111\u1ea7y \u0111\u1ee7 h\u1ed3 s\u01a1 c\u1ee7a h\u1ecdc sinh theo h\u01b0\u1edbng d\u1eabn ghi trong &#8220;\u0110\u01a1n xin nh\u1eadp h\u1ecdc&#8221; n\u00e0y t\u1edbi \u0111\u1ecba ch\u1ec9: Tr\u01b0\u1eddng M\u1ea7m Non Kids By Nature 177 Trung K\u00ednh, Trung H\u00f2a, [&hellip;]<\/p>\n","protected":false},"author":1,"featured_media":0,"parent":133,"menu_order":0,"comment_status":"closed","ping_status":"closed","template":"","meta":[],"_links":{"self":[{"href":"https:\/\/kidsbynature.vn\/index.php\/wp-json\/wp\/v2\/pages\/141"}],"collection":[{"href":"https:\/\/kidsbynature.vn\/index.php\/wp-json\/wp\/v2\/pages"}],"about":[{"href":"https:\/\/kidsbynature.vn\/index.php\/wp-json\/wp\/v2\/types\/page"}],"author":[{"embeddable":true,"href":"https:\/\/kidsbynature.vn\/index.php\/wp-json\/wp\/v2\/users\/1"}],"replies":[{"embeddable":true,"href":"https:\/\/kidsbynature.vn\/index.php\/wp-json\/wp\/v2\/comments?post=141"}],"version-history":[{"count":1,"href":"https:\/\/kidsbynature.vn\/index.php\/wp-json\/wp\/v2\/pages\/141\/revisions"}],"predecessor-version":[{"id":142,"href":"https:\/\/kidsbynature.vn\/index.php\/wp-json\/wp\/v2\/pages\/141\/revisions\/142"}],"up":[{"embeddable":true,"href":"https:\/\/kidsbynature.vn\/index.php\/wp-json\/wp\/v2\/pages\/133"}],"wp:attachment":[{"href":"https:\/\/kidsbynature.vn\/index.php\/wp-json\/wp\/v2\/media?parent=141"}],"curies":[{"name":"wp","href":"https:\/\/api.w.org\/{rel}","templated":true}]}}