{"id":137,"date":"2018-06-18T02:43:49","date_gmt":"2018-06-18T02:43:49","guid":{"rendered":"http:\/\/localhost\/kids\/?page_id=137"},"modified":"2018-06-18T04:20:22","modified_gmt":"2018-06-18T04:20:22","slug":"quyen-loi-hoc-phi","status":"publish","type":"page","link":"https:\/\/kidsbynature.vn\/index.php\/danh-cho-phu-huynh-tuong-lai\/quyen-loi-hoc-phi\/","title":{"rendered":"Quy\u1ec1n l\u1ee3i h\u1ecdc ph\u00ed"},"content":{"rendered":"<h3 style=\"text-align: center;\">\u0091 <strong>Ch\u00ednh s\u00e1ch gi\u1ea3m gi\u00e1, b\u1ea3o l\u01b0u, ho\u00e0n tr\u1ea3 v\u00e0 chuy\u1ec3n \u0111\u1ed5i h\u1ecdc ph\u00ed<\/strong><\/h3>\n<p><strong>Ch\u00ednh s\u00e1ch h\u1ed7 tr\u1ee3 h\u1ecdc ph\u00ed:<\/strong><\/p>\n<p>Nh\u00e0 tr\u01b0\u1eddng \u00e1p d\u1ee5ng ch\u00ednh s\u00e1ch gi\u1ea3m h\u1ecdc ph\u00ed 3% cho tr\u1ebb th\u1ee9 hai v\u00e0 6% cho tr\u1ebb th\u1ee9 ba l\u00e0 anh\/ ch\u1ecb\/ em ru\u1ed9t \u0111ang h\u1ecdc t\u1ea1i tr\u01b0\u1eddng.<\/p>\n<p>&nbsp;<\/p>\n<p><strong>Ch\u00ednh s\u00e1ch b\u1ea3o l\u01b0u h\u1ecdc ph\u00ed:<\/strong><\/p>\n<ul>\n<li>\u00c1p d\u1ee5ng cho tr\u01b0\u1eddng h\u1ee3p h\u1ecdc sinh \u1ed1m l\u00e2u ng\u00e0y, ph\u1ee5 huynh c\u00f4ng t\u00e1c&#8230; v\u1edbi th\u1eddi gian ngh\u1ec9 t\u1eeb 02 tu\u1ea7n tr\u1edf l\u00ean v\u00e0 c\u00f3 \u0111\u01a1n xin ngh\u1ec9 h\u1ecdc. Khi c\u00f3 s\u1ef1 ch\u1ea5p thu\u1eadn c\u1ee7a nh\u00e0 tr\u01b0\u1eddng, trong th\u1eddi gian ngh\u1ec9 h\u1ecdc, h\u1ecdc sinh s\u1ebd \u0111\u01b0\u1ee3c b\u1ea3o l\u01b0u 50% h\u1ecdc ph\u00ed. Tr\u01b0\u1eddng h\u1ee3p h\u1ecdc sinh ngh\u1ec9 kh\u00f4ng \u0111\u01b0\u1ee3c s\u1ef1 \u0111\u1ed3ng \u00fd c\u1ee7a nh\u00e0 tr\u01b0\u1eddng, kh\u00f4ng \u0111\u01b0\u1ee3c h\u01b0\u1edfng ch\u1ebf \u0111\u1ed9 b\u1ea3o l\u01b0u.<\/li>\n<li>Th\u1eddi gian b\u1ea3o l\u01b0u h\u1ecdc ph\u00ed t\u1ed1i \u0111a l\u00e0 03 th\u00e1ng. Qu\u00e1 th\u1eddi h\u1ea1n tr\u00ean, ti\u1ec1n b\u1ea3o l\u01b0u kh\u00f4ng \u0111\u01b0\u1ee3c ho\u00e0n tr\u1ea3.<\/li>\n<\/ul>\n<p>&nbsp;<\/p>\n<p><strong>Ch\u00ednh s\u00e1ch ho\u00e0n h\u1ecdc ph\u00ed \u0111\u1ed1i v\u1edbi h\u1ecdc sinh xin ngh\u1ec9 h\u1ecdc:<\/strong><\/p>\n<ul>\n<li>Nh\u1eb1m \u0111\u1ea3m b\u1ea3o ch\u00ednh s\u00e1ch ho\u00e0n h\u1ecdc ph\u00ed \u0111\u01b0\u1ee3c \u00e1p d\u1ee5ng, ph\u1ee5 huynh c\u1ea7n \u0111i\u1ec1n \u0111\u1ea7y \u0111\u1ee7 th\u00f4ng tin v\u00e0o phi\u1ebfu x\u00e1c nh\u1eadn xin ngh\u1ec9 h\u1ecdc v\u00e0 n\u1ed9p cho nh\u00e0 tr\u01b0\u1eddng t\u1ed1i thi\u1ec3u 30 ng\u00e0y tr\u01b0\u1edbc ng\u00e0y h\u1ecdc cu\u1ed1i c\u00f9ng c\u1ee7a h\u1ecdc sinh.<\/li>\n<li>Nh\u00e0 tr\u01b0\u1eddng s\u1ebd kh\u00f4ng ho\u00e0n tr\u1ea3 ph\u1ea7n c\u00f2n l\u1ea1i c\u1ee7a h\u1ecdc ph\u00ed \u0111\u1ed1i v\u1edbi ph\u01b0\u01a1ng th\u1ee9c \u0111\u00f3ng h\u1ecdc ph\u00ed theo th\u00e1ng.<\/li>\n<li>Nh\u00e0 tr\u01b0\u1eddng s\u1ebd ho\u00e0n ph\u1ea7n c\u00f2n l\u1ea1i c\u1ee7a h\u1ecdc ph\u00ed \u0111\u1ed1i v\u1edbi ph\u01b0\u01a1ng th\u1ee9c \u0111\u00f3ng h\u1ecdc ph\u00ed theo n\u0103m c\u0103n c\u1ee9 v\u00e0o ng\u00e0y h\u1ecdc cu\u1ed1i c\u00f9ng c\u1ee7a h\u1ecdc sinh. Theo \u0111\u00f3, t\u1ef7 l\u1ec7 ho\u00e0n ti\u1ec1n nh\u01b0 sau:<\/li>\n<\/ul>\n<table class=\" aligncenter\" width=\"655\">\n<tbody>\n<tr>\n<td colspan=\"4\" width=\"655\"><strong>Ng\u00e0y h\u1ecdc cu\u1ed1i<\/strong><\/td>\n<\/tr>\n<tr>\n<td width=\"160\"><strong>Th\u00e1ng 1 \u2013 3<\/strong><\/td>\n<td width=\"160\"><strong>Th\u00e1ng 4 \u2013 6<\/strong><\/td>\n<td width=\"160\"><strong>Th\u00e1ng 7 \u2013 9<\/strong><\/td>\n<td width=\"176\"><strong>Th\u00e1ng 10 \u2013 12<\/strong><\/td>\n<\/tr>\n<tr>\n<td width=\"160\">55% h\u1ecdc ph\u00ed<\/p>\n<p>c\u00f2n l\u1ea1i<\/td>\n<td width=\"160\">35% h\u1ecdc ph\u00ed<\/p>\n<p>c\u00f2n l\u1ea1i<\/td>\n<td width=\"160\">20% h\u1ecdc ph\u00ed<\/p>\n<p>c\u00f2n l\u1ea1i<\/td>\n<td width=\"176\">0% h\u1ecdc ph\u00ed<\/p>\n<p>c\u00f2n l\u1ea1i<\/td>\n<\/tr>\n<\/tbody>\n<\/table>\n<p><em><u>Ghi ch\u00fa:<\/u><\/em> Ti\u1ec1n ho\u00e0n tr\u1ea3 s\u1ebd \u00e1p d\u1ee5ng m\u1ee9c h\u1ecdc ph\u00ed sau khi tr\u1eeb khuy\u1ebfn m\u00e3i.<\/p>\n<p>&nbsp;<\/p>\n<p><strong>Ch\u00ednh s\u00e1ch chuy\u1ec3n \u0111\u1ed5i h\u1ecdc ph\u00ed \u0111\u1ed1i v\u1edbi h\u1ecdc sinh xin ngh\u1ec9 h\u1ecdc:<\/strong><\/p>\n<ul>\n<li>Chuy\u1ec3n nh\u01b0\u1ee3ng cho h\u1ecdc sinh kh\u00e1c: ch\u1ec9 \u00e1p d\u1ee5ng cho h\u1ecdc sinh l\u00e0 anh\/ ch\u1ecb\/ em ru\u1ed9t \u0111ang h\u1ecdc t\u1ea1i tr\u01b0\u1eddng (kh\u00f4ng \u00e1p d\u1ee5ng chuy\u1ec3n \u0111\u1ed1i ph\u00ed ghi danh v\u00e0 x\u00e2y d\u1ef1ng tr\u01b0\u1eddng).<\/li>\n<li>Nh\u00e0 tr\u01b0\u1eddng x\u00e9t chuy\u1ec3n \u0111\u1ed5i h\u1ecdc ph\u00ed trong 05 ng\u00e0y sau khi nh\u1eadn \u0111\u01b0\u1ee3c \u0111\u1ea7y \u0111\u1ee7 c\u00e1c gi\u1ea5y t\u1edd c\u1ea7n thi\u1ebft bao g\u1ed3m: \u0111\u01a1n xin chuy\u1ec3n \u0111\u1ed5i, h\u00f3a \u0111\u01a1n n\u1ed9p h\u1ecdc ph\u00ed.<\/li>\n<\/ul>\n<p>&nbsp;<\/p>\n<p><strong>Tr\u01b0\u1eddng h\u1ee3p b\u1ea5t kh\u1ea3 kh\u00e1ng:<\/strong><\/p>\n<p>Trong m\u1ecdi tr\u01b0\u1eddng h\u1ee3p b\u1ea5t kh\u1ea3 kh\u00e1ng nh\u01b0 thi\u00ean tai, b\u00e3o l\u0169, \u0111\u1ed9ng \u0111\u1ea5t&#8230;. v\u00e0 c\u00e1c s\u1ef1 c\u1ed1 b\u1ea5t kh\u1ea3 kh\u00e1ng kh\u00e1c n\u1eb1m ngo\u00e0i t\u1ea7m ki\u1ec3m so\u00e1t c\u1ee7a nh\u00e0 tr\u01b0\u1eddng, nh\u00e0 tr\u01b0\u1eddng s\u1ebd kh\u00f4ng \u00e1p d\u1ee5ng b\u1ea5t k\u1ef3 ch\u00ednh s\u00e1ch b\u1ea3o l\u01b0u h\u1ecdc ph\u00ed n\u00e0o.<\/p>\n","protected":false},"excerpt":{"rendered":"<p>\u0091 Ch\u00ednh s\u00e1ch gi\u1ea3m gi\u00e1, b\u1ea3o l\u01b0u, ho\u00e0n tr\u1ea3 v\u00e0 chuy\u1ec3n \u0111\u1ed5i h\u1ecdc ph\u00ed Ch\u00ednh s\u00e1ch h\u1ed7 tr\u1ee3 h\u1ecdc ph\u00ed: Nh\u00e0 tr\u01b0\u1eddng \u00e1p d\u1ee5ng ch\u00ednh s\u00e1ch gi\u1ea3m h\u1ecdc ph\u00ed 3% cho tr\u1ebb th\u1ee9 hai v\u00e0 6% cho tr\u1ebb th\u1ee9 ba l\u00e0 anh\/ ch\u1ecb\/ em ru\u1ed9t \u0111ang h\u1ecdc t\u1ea1i tr\u01b0\u1eddng. &nbsp; Ch\u00ednh s\u00e1ch b\u1ea3o l\u01b0u h\u1ecdc [&hellip;]<\/p>\n","protected":false},"author":1,"featured_media":0,"parent":133,"menu_order":0,"comment_status":"closed","ping_status":"closed","template":"","meta":[],"_links":{"self":[{"href":"https:\/\/kidsbynature.vn\/index.php\/wp-json\/wp\/v2\/pages\/137"}],"collection":[{"href":"https:\/\/kidsbynature.vn\/index.php\/wp-json\/wp\/v2\/pages"}],"about":[{"href":"https:\/\/kidsbynature.vn\/index.php\/wp-json\/wp\/v2\/types\/page"}],"author":[{"embeddable":true,"href":"https:\/\/kidsbynature.vn\/index.php\/wp-json\/wp\/v2\/users\/1"}],"replies":[{"embeddable":true,"href":"https:\/\/kidsbynature.vn\/index.php\/wp-json\/wp\/v2\/comments?post=137"}],"version-history":[{"count":2,"href":"https:\/\/kidsbynature.vn\/index.php\/wp-json\/wp\/v2\/pages\/137\/revisions"}],"predecessor-version":[{"id":211,"href":"https:\/\/kidsbynature.vn\/index.php\/wp-json\/wp\/v2\/pages\/137\/revisions\/211"}],"up":[{"embeddable":true,"href":"https:\/\/kidsbynature.vn\/index.php\/wp-json\/wp\/v2\/pages\/133"}],"wp:attachment":[{"href":"https:\/\/kidsbynature.vn\/index.php\/wp-json\/wp\/v2\/media?parent=137"}],"curies":[{"name":"wp","href":"https:\/\/api.w.org\/{rel}","templated":true}]}}