{"id":135,"date":"2018-06-18T02:43:05","date_gmt":"2018-06-18T02:43:05","guid":{"rendered":"http:\/\/localhost\/kids\/?page_id=135"},"modified":"2018-06-18T04:19:59","modified_gmt":"2018-06-18T04:19:59","slug":"ngay-nghi-va-quy-dinh-tra-muon","status":"publish","type":"page","link":"https:\/\/kidsbynature.vn\/index.php\/danh-cho-phu-huynh-tuong-lai\/ngay-nghi-va-quy-dinh-tra-muon\/","title":{"rendered":"Ng\u00e0y ngh\u1ec9 v\u00e0 Quy \u0111\u1ecbnh tr\u1ea3 mu\u1ed9n"},"content":{"rendered":"<p style=\"text-align: center;\"><strong>C\u00e1c ng\u00e0y ngh\u1ec9 c\u1ee7a tr\u01b0\u1eddng<\/strong><\/p>\n<table class=\" aligncenter\" width=\"655\">\n<tbody>\n<tr>\n<td style=\"text-align: center;\" width=\"373\"><strong>C\u00e1c ng\u00e0y l\u1ec5 trong n\u0103m<\/strong><\/td>\n<td style=\"text-align: center;\" width=\"282\"><strong>S\u1ed1 ng\u00e0y ngh\u1ec9<\/strong><\/td>\n<\/tr>\n<tr>\n<td width=\"373\">T\u1ebft D\u01b0\u01a1ng l\u1ecbch<\/td>\n<td width=\"282\">01 ng\u00e0y<\/td>\n<\/tr>\n<tr>\n<td width=\"373\">T\u1ebft \u00c2m l\u1ecbch<\/td>\n<td width=\"282\">Theo quy \u0111\u1ecbnh c\u1ee7a Nh\u00e0 N\u01b0\u1edbc<\/td>\n<\/tr>\n<tr>\n<td width=\"373\">Gi\u1ed7 T\u1ed5 H\u00f9ng V\u01b0\u01a1ng<\/td>\n<td width=\"282\">01 ng\u00e0y<\/td>\n<\/tr>\n<tr>\n<td width=\"373\">Qu\u1ed1c t\u1ebf lao \u0111\u1ed9ng v\u00e0 Gi\u1ea3i ph\u00f3ng mi\u1ec1n Nam<\/td>\n<td width=\"282\">02 ng\u00e0y<\/td>\n<\/tr>\n<tr>\n<td width=\"373\">Qu\u1ed1c kh\u00e1nh<\/td>\n<td width=\"282\">\u00a0\u00a0\u00a0\u00a0\u00a0\u00a0\u00a0 01 ng\u00e0y<\/td>\n<\/tr>\n<tr>\n<td width=\"373\">Th\u1eddi gian gi\u00e1o vi\u00ean ngh\u1ec9 m\u00e1t<\/td>\n<td width=\"282\">03 ng\u00e0y<\/td>\n<\/tr>\n<\/tbody>\n<\/table>\n<p><em><u>\u00a0<\/u><\/em><\/p>\n<p><em><u>Ghi ch\u00fa:<\/u><\/em><\/p>\n<ul>\n<li>S\u1ed1 ng\u00e0y ngh\u1ec9 h\u00e8, ngh\u1ec9 l\u1ec5 tr\u00ean l\u00e0 ng\u00e0y ngh\u1ec9 t\u00ednh theo l\u1ecbch h\u1ecdc, kh\u00f4ng bao g\u1ed3m ng\u00e0y ngh\u1ec9 cu\u1ed1i tu\u1ea7n th\u1ee9 7 v\u00e0 Ch\u1ee7 nh\u1eadt.<\/li>\n<li>L\u1ecbch ngh\u1ec9 l\u1ec5 v\u00e0 ngh\u1ec9 h\u00e8 c\u00f3 th\u1ec3 thay \u0111\u1ed5i theo t\u1eebng n\u0103m h\u1ecdc.<\/li>\n<li>Trong tr\u01b0\u1eddng h\u1ee3p ng\u00e0y l\u1ec5 tr\u00f9ng v\u1edbi ng\u00e0y ngh\u1ec9 cu\u1ed1i tu\u1ea7n (th\u1ee9 7 v\u00e0\/ ho\u1eb7c Ch\u1ee7 nh\u1eadt), c\u00e1c ng\u00e0y l\u1ec5 n\u00e0y s\u1ebd \u0111\u01b0\u1ee3c b\u00f9 v\u00e0o ng\u00e0y \u0111\u1ea7u ti\u00ean c\u1ee7a tu\u1ea7n ti\u1ebfp theo.<\/li>\n<li>H\u1ecdc ph\u00ed th\u00e1ng v\u00e0 ph\u00ed \u0111\u01b0a \u0111\u00f3n (n\u1ebfu c\u00f3) bao g\u1ed3m c\u1ea3 nh\u1eefng ng\u00e0y ngh\u1ec9 n\u00e0y.<\/li>\n<\/ul>\n<p>&nbsp;<\/p>\n<p><strong>Quy \u0111\u1ecbnh v\u1ec1 tr\u1ea3 mu\u1ed9n:<\/strong><\/p>\n<ul>\n<li>T\u1eeb 17h15 &#8211; 18h00: 6.000\u00a0\u0111\u1ed3ng\/ h\u1ecdc sinh<\/li>\n<li>T\u1eeb 18h00 &#8211; 18h30: 10.000\u00a0\u0111\u1ed3ng\/ h\u1ecdc sinh<\/li>\n<li>T\u1eeb 18h30 &#8211; 19h00: 15.000\u00a0\u0111\u1ed3ng\/ h\u1ecdc sinh<\/li>\n<li>Nh\u00e0 tr\u01b0\u1eddng kh\u00f4ng nh\u1eadn gi\u1eef h\u1ecdc sinh sau 19h00.<\/li>\n<\/ul>\n","protected":false},"excerpt":{"rendered":"<p>C\u00e1c ng\u00e0y ngh\u1ec9 c\u1ee7a tr\u01b0\u1eddng C\u00e1c ng\u00e0y l\u1ec5 trong n\u0103m S\u1ed1 ng\u00e0y ngh\u1ec9 T\u1ebft D\u01b0\u01a1ng l\u1ecbch 01 ng\u00e0y T\u1ebft \u00c2m l\u1ecbch Theo quy \u0111\u1ecbnh c\u1ee7a Nh\u00e0 N\u01b0\u1edbc Gi\u1ed7 T\u1ed5 H\u00f9ng V\u01b0\u01a1ng 01 ng\u00e0y Qu\u1ed1c t\u1ebf lao \u0111\u1ed9ng v\u00e0 Gi\u1ea3i ph\u00f3ng mi\u1ec1n Nam 02 ng\u00e0y Qu\u1ed1c kh\u00e1nh \u00a0\u00a0\u00a0\u00a0\u00a0\u00a0\u00a0 01 ng\u00e0y Th\u1eddi gian gi\u00e1o vi\u00ean ngh\u1ec9 m\u00e1t [&hellip;]<\/p>\n","protected":false},"author":1,"featured_media":0,"parent":133,"menu_order":0,"comment_status":"closed","ping_status":"closed","template":"","meta":[],"_links":{"self":[{"href":"https:\/\/kidsbynature.vn\/index.php\/wp-json\/wp\/v2\/pages\/135"}],"collection":[{"href":"https:\/\/kidsbynature.vn\/index.php\/wp-json\/wp\/v2\/pages"}],"about":[{"href":"https:\/\/kidsbynature.vn\/index.php\/wp-json\/wp\/v2\/types\/page"}],"author":[{"embeddable":true,"href":"https:\/\/kidsbynature.vn\/index.php\/wp-json\/wp\/v2\/users\/1"}],"replies":[{"embeddable":true,"href":"https:\/\/kidsbynature.vn\/index.php\/wp-json\/wp\/v2\/comments?post=135"}],"version-history":[{"count":2,"href":"https:\/\/kidsbynature.vn\/index.php\/wp-json\/wp\/v2\/pages\/135\/revisions"}],"predecessor-version":[{"id":210,"href":"https:\/\/kidsbynature.vn\/index.php\/wp-json\/wp\/v2\/pages\/135\/revisions\/210"}],"up":[{"embeddable":true,"href":"https:\/\/kidsbynature.vn\/index.php\/wp-json\/wp\/v2\/pages\/133"}],"wp:attachment":[{"href":"https:\/\/kidsbynature.vn\/index.php\/wp-json\/wp\/v2\/media?parent=135"}],"curies":[{"name":"wp","href":"https:\/\/api.w.org\/{rel}","templated":true}]}}