{"id":128,"date":"2018-06-18T02:40:46","date_gmt":"2018-06-18T02:40:46","guid":{"rendered":"http:\/\/localhost\/kids\/?page_id=128"},"modified":"2018-06-18T02:40:46","modified_gmt":"2018-06-18T02:40:46","slug":"bieu-tuong-kids-by-nature","status":"publish","type":"page","link":"https:\/\/kidsbynature.vn\/index.php\/gioi-thieu\/bieu-tuong-kids-by-nature\/","title":{"rendered":"Bi\u1ec3u t\u01b0\u1ee3ng Kids By Nature"},"content":{"rendered":"<p><strong>Kids By Nature<\/strong> l\u00e0 n\u01a1i \u01b0\u01a1m m\u1ea7m, nu\u00f4i d\u01b0\u1ee1ng v\u00e0 vun \u0111\u1eafp nh\u1eefng h\u1ea1t gi\u1ed1ng t\u00e0i n\u0103ng t\u01b0\u01a1ng lai c\u1ee7a \u0111\u1ea5t n\u01b0\u1edbc. S\u1ef1 l\u1edbn m\u1ea1nh th\u1ec3 hi\u1ec7n qua bi\u1ec3u t\u01b0\u1ee3ng logo v\u1edbi 3 h\u00ecnh \u1ea3nh c\u1ed1t l\u00f5i:<\/p>\n<ul>\n<li><strong>H\u00ecnh \u1ea3nh ng\u00f2i b\u00fat \u2013 G\u1ed1c c\u00e2y<\/strong><em>:<\/em> th\u1ec3 hi\u1ec7n gi\u00e1 tr\u1ecb c\u1ed1t l\u00f5i c\u1ee7a m\u1ed9t x\u00e3 h\u1ed9i ph\u00e1t tri\u1ec3n b\u1ec1n v\u1eefng n\u1eb1m \u1edf n\u1ec1n t\u1ea3ng gi\u00e1o d\u1ee5c v\u1eefng ch\u1eafc.<\/li>\n<li><strong>H\u00ecnh \u1ea3nh nh\u00e2n c\u00e1ch h\u00f3a \u2013 Th\u00e2n c\u00e2y<\/strong><em><strong>:<\/strong><\/em> th\u1ec3 hi\u1ec7n s\u1ef1 ch\u1ee7 \u0111\u1ed9ng v\u01b0\u01a1n l\u00ean m\u1ea1nh m\u1ebd c\u1ee7a m\u1ed7i c\u00e1 nh\u00e2n nh\u1edd b\u1ea3n l\u0129nh, tr\u00ed s\u00e1ng t\u1ea1o v\u00e0 n\u0103ng l\u1ef1c ti\u1ec1m \u1ea9n \u0111\u01b0\u1ee3c kh\u00edch l\u1ec7 kh\u00f4ng ng\u1eebng.<\/li>\n<li><strong>H\u00ecnh \u1ea3nh nh\u1eefng chi\u1ebfc l\u00e1 \u2013 T\u00e1n c\u00e2y<\/strong><em><strong>:<\/strong><\/em> th\u1ec3 hi\u1ec7n s\u1ef1 b\u1ea3o v\u1ec7, che ch\u1edf b\u1eb1ng t\u00ecnh y\u00eau th\u01b0\u01a1ng \u0111\u1ec3 m\u1ed7i c\u00e1 nh\u00e2n th\u1ecfa s\u1ee9c ph\u00e1t huy t\u00e0i n\u0103ng v\u00e0 s\u1ee9c m\u1ea1nh c\u1ee7a m\u00ecnh tr\u01b0\u1edbc m\u1ecdi th\u1eed th\u00e1ch.<\/li>\n<\/ul>\n","protected":false},"excerpt":{"rendered":"<p>Kids By Nature l\u00e0 n\u01a1i \u01b0\u01a1m m\u1ea7m, nu\u00f4i d\u01b0\u1ee1ng v\u00e0 vun \u0111\u1eafp nh\u1eefng h\u1ea1t gi\u1ed1ng t\u00e0i n\u0103ng t\u01b0\u01a1ng lai c\u1ee7a \u0111\u1ea5t n\u01b0\u1edbc. S\u1ef1 l\u1edbn m\u1ea1nh th\u1ec3 hi\u1ec7n qua bi\u1ec3u t\u01b0\u1ee3ng logo v\u1edbi 3 h\u00ecnh \u1ea3nh c\u1ed1t l\u00f5i: H\u00ecnh \u1ea3nh ng\u00f2i b\u00fat \u2013 G\u1ed1c c\u00e2y: th\u1ec3 hi\u1ec7n gi\u00e1 tr\u1ecb c\u1ed1t l\u00f5i c\u1ee7a m\u1ed9t x\u00e3 h\u1ed9i ph\u00e1t [&hellip;]<\/p>\n","protected":false},"author":1,"featured_media":0,"parent":118,"menu_order":5,"comment_status":"closed","ping_status":"closed","template":"","meta":[],"_links":{"self":[{"href":"https:\/\/kidsbynature.vn\/index.php\/wp-json\/wp\/v2\/pages\/128"}],"collection":[{"href":"https:\/\/kidsbynature.vn\/index.php\/wp-json\/wp\/v2\/pages"}],"about":[{"href":"https:\/\/kidsbynature.vn\/index.php\/wp-json\/wp\/v2\/types\/page"}],"author":[{"embeddable":true,"href":"https:\/\/kidsbynature.vn\/index.php\/wp-json\/wp\/v2\/users\/1"}],"replies":[{"embeddable":true,"href":"https:\/\/kidsbynature.vn\/index.php\/wp-json\/wp\/v2\/comments?post=128"}],"version-history":[{"count":1,"href":"https:\/\/kidsbynature.vn\/index.php\/wp-json\/wp\/v2\/pages\/128\/revisions"}],"predecessor-version":[{"id":129,"href":"https:\/\/kidsbynature.vn\/index.php\/wp-json\/wp\/v2\/pages\/128\/revisions\/129"}],"up":[{"embeddable":true,"href":"https:\/\/kidsbynature.vn\/index.php\/wp-json\/wp\/v2\/pages\/118"}],"wp:attachment":[{"href":"https:\/\/kidsbynature.vn\/index.php\/wp-json\/wp\/v2\/media?parent=128"}],"curies":[{"name":"wp","href":"https:\/\/api.w.org\/{rel}","templated":true}]}}