{"id":126,"date":"2018-06-18T02:39:43","date_gmt":"2018-06-18T02:39:43","guid":{"rendered":"http:\/\/localhost\/kids\/?page_id=126"},"modified":"2018-06-18T02:39:53","modified_gmt":"2018-06-18T02:39:53","slug":"doi-ngu-quan-ly-giao-vien","status":"publish","type":"page","link":"https:\/\/kidsbynature.vn\/index.php\/gioi-thieu\/doi-ngu-quan-ly-giao-vien\/","title":{"rendered":"\u0110\u1ed9i ng\u0169 qu\u1ea3n l\u00fd &#038; gi\u00e1o vi\u00ean"},"content":{"rendered":"<h3 class=\"sc_title sc_title_regular\" style=\"text-align: center;\"><strong>\u0110\u1ed8I NG\u0168 QU\u1ea2N L\u00dd &amp; GI\u00c1O VI\u00caN<\/strong><\/h3>\n<p>C\u00e1c c\u00f4 gi\u00e1o c\u1ee7a <strong>Kids By Nature<\/strong> \u0111\u01b0\u1ee3c tuy\u1ec3n ch\u1ecdn t\u1eeb nh\u1eefng gi\u00e1o vi\u00ean \u0111\u00e3 t\u1ed1t nghi\u1ec7p \u0111\u1ea1i h\u1ecdc, cao \u0111\u1eb3ng s\u01b0 ph\u1ea1m v\u00e0 \u0111\u01b0\u1ee3c t\u1eadp hu\u1ea5n th\u01b0\u1eddng xuy\u00ean \u0111\u1ec3 mang \u0111\u1ebfn cho c\u00e1c b\u00e9 c\u1ea3m gi\u00e1c an to\u00e0n, g\u1ea7n g\u0169i, y\u00eau th\u01b0\u01a1ng nh\u01b0 ng\u01b0\u1eddi th\u00e2n trong gia \u0111\u00ecnh. Nh\u1edd \u0111\u00f3, h\u1ecdc sinh h\u1ee9ng th\u00fa tham gia c\u00e1c ho\u1ea1t \u0111\u1ed9ng, d\u1ec5 d\u00e0ng b\u1ed9c l\u1ed9 thi\u00ean h\u01b0\u1edbng, t\u1ea1o \u0111i\u1ec1u ki\u1ec7n \u0111\u1ec3 gi\u00e1o vi\u00ean gi\u00fap tr\u1ebb ph\u00e1t huy t\u1ed1i \u0111a n\u0103ng l\u1ef1c b\u1ea3n th\u00e2n, ph\u00e1t tri\u1ec3n t\u00ednh t\u1ef1 tin, t\u1ef1 l\u1eadp v\u00e0 kh\u1ea3 n\u0103ng s\u00e1ng t\u1ea1o phong ph\u00fa.<\/p>\n","protected":false},"excerpt":{"rendered":"<p>\u0110\u1ed8I NG\u0168 QU\u1ea2N L\u00dd &amp; GI\u00c1O VI\u00caN C\u00e1c c\u00f4 gi\u00e1o c\u1ee7a Kids By Nature \u0111\u01b0\u1ee3c tuy\u1ec3n ch\u1ecdn t\u1eeb nh\u1eefng gi\u00e1o vi\u00ean \u0111\u00e3 t\u1ed1t nghi\u1ec7p \u0111\u1ea1i h\u1ecdc, cao \u0111\u1eb3ng s\u01b0 ph\u1ea1m v\u00e0 \u0111\u01b0\u1ee3c t\u1eadp hu\u1ea5n th\u01b0\u1eddng xuy\u00ean \u0111\u1ec3 mang \u0111\u1ebfn cho c\u00e1c b\u00e9 c\u1ea3m gi\u00e1c an to\u00e0n, g\u1ea7n g\u0169i, y\u00eau th\u01b0\u01a1ng nh\u01b0 ng\u01b0\u1eddi th\u00e2n trong gia [&hellip;]<\/p>\n","protected":false},"author":1,"featured_media":0,"parent":118,"menu_order":0,"comment_status":"closed","ping_status":"closed","template":"tpl_teachers_list.php","meta":[],"_links":{"self":[{"href":"https:\/\/kidsbynature.vn\/index.php\/wp-json\/wp\/v2\/pages\/126"}],"collection":[{"href":"https:\/\/kidsbynature.vn\/index.php\/wp-json\/wp\/v2\/pages"}],"about":[{"href":"https:\/\/kidsbynature.vn\/index.php\/wp-json\/wp\/v2\/types\/page"}],"author":[{"embeddable":true,"href":"https:\/\/kidsbynature.vn\/index.php\/wp-json\/wp\/v2\/users\/1"}],"replies":[{"embeddable":true,"href":"https:\/\/kidsbynature.vn\/index.php\/wp-json\/wp\/v2\/comments?post=126"}],"version-history":[{"count":1,"href":"https:\/\/kidsbynature.vn\/index.php\/wp-json\/wp\/v2\/pages\/126\/revisions"}],"predecessor-version":[{"id":127,"href":"https:\/\/kidsbynature.vn\/index.php\/wp-json\/wp\/v2\/pages\/126\/revisions\/127"}],"up":[{"embeddable":true,"href":"https:\/\/kidsbynature.vn\/index.php\/wp-json\/wp\/v2\/pages\/118"}],"wp:attachment":[{"href":"https:\/\/kidsbynature.vn\/index.php\/wp-json\/wp\/v2\/media?parent=126"}],"curies":[{"name":"wp","href":"https:\/\/api.w.org\/{rel}","templated":true}]}}