{"id":124,"date":"2018-06-18T02:38:13","date_gmt":"2018-06-18T02:38:13","guid":{"rendered":"http:\/\/localhost\/kids\/?page_id=124"},"modified":"2018-06-18T02:38:23","modified_gmt":"2018-06-18T02:38:23","slug":"co-so-vat-chat","status":"publish","type":"page","link":"https:\/\/kidsbynature.vn\/index.php\/gioi-thieu\/co-so-vat-chat\/","title":{"rendered":"C\u01a1 s\u1edf v\u1eadt ch\u1ea5t"},"content":{"rendered":"<h3 class=\"sc_title sc_title_regular\" style=\"text-align: center;\"><strong>C\u01a0 S\u1ede V\u1eacT CH\u1ea4T CHU\u1ea8N CH\u1ea4T L\u01af\u1ee2NG<\/strong><\/h3>\n<p style=\"text-align: justify;\"><strong>Kids By Nature<\/strong> t\u1ef1 h\u00e0o l\u00e0 tr\u01b0\u1eddng m\u1ea7m non c\u00f3 c\u01a1 s\u1edf h\u1ea1 t\u1ea7ng \u0111\u1ea1t chu\u1ea9n v\u1edbi 12 l\u1edbp h\u1ecdc r\u1ed9ng r\u00e3i, tho\u00e1ng m\u00e1t nh\u1edd ho\u00e0n to\u00e0n s\u1eed d\u1ee5ng \u00e1nh s\u00e1ng t\u1ef1 nhi\u00ean.V\u1edbi h\u1ec7 th\u1ed1ng s\u00e2n ch\u01a1i ngo\u00e0i tr\u1eddi r\u1ed9ng r\u00e3i v\u00e0 ph\u00f2ng ch\u1ee9c n\u0103ng chuy\u00ean bi\u1ec7t (d\u00e0nh cho l\u1edbp m\u00faa, v\u00f5..), c\u00f9ng khu v\u1ec7 sinh \u0111\u01b0\u1ee3c thi\u1ebft k\u1ebf ri\u00eang cho l\u1ee9a tu\u1ed5i m\u1ea7m non, KBN \u0111\u1ea3m b\u1ea3o s\u1ebd mang \u0111\u1ebfn \u201cNi\u1ec1m h\u00e1o h\u1ee9c m\u1ed7i ng\u00e0y t\u1edbi tr\u01b0\u1eddng\u201d cho c\u00e1c thi\u00ean th\u1ea7n nh\u1ecf. B\u00ean c\u1ea1nh \u0111\u00f3, t\u1eebng b\u1eefa \u0103n c\u1ee7a b\u00e9 c\u0169ng \u0111\u01b0\u1ee3c ch\u0103m s\u00f3c chu \u0111\u00e1o m\u1ed7i ng\u00e0y nh\u1edd nh\u00e0 b\u1ebfp c\u00f4ng nghi\u1ec7p \u0111\u01b0\u1ee3c \u0111\u1ea7u t\u01b0 ho\u00e0n ch\u1ec9nh, s\u1eed d\u1ee5ng 100% d\u1ee5ng c\u1ee5 inox v\u00e0 quy tr\u00ecnh v\u1ec7 sinh kh\u1eaft khe tr\u00ean d\u00e2y chuy\u1ec1n hi\u1ec7n \u0111\u1ea1i.<\/p>\n","protected":false},"excerpt":{"rendered":"<p>C\u01a0 S\u1ede V\u1eacT CH\u1ea4T CHU\u1ea8N CH\u1ea4T L\u01af\u1ee2NG Kids By Nature t\u1ef1 h\u00e0o l\u00e0 tr\u01b0\u1eddng m\u1ea7m non c\u00f3 c\u01a1 s\u1edf h\u1ea1 t\u1ea7ng \u0111\u1ea1t chu\u1ea9n v\u1edbi 12 l\u1edbp h\u1ecdc r\u1ed9ng r\u00e3i, tho\u00e1ng m\u00e1t nh\u1edd ho\u00e0n to\u00e0n s\u1eed d\u1ee5ng \u00e1nh s\u00e1ng t\u1ef1 nhi\u00ean.V\u1edbi h\u1ec7 th\u1ed1ng s\u00e2n ch\u01a1i ngo\u00e0i tr\u1eddi r\u1ed9ng r\u00e3i v\u00e0 ph\u00f2ng ch\u1ee9c n\u0103ng chuy\u00ean bi\u1ec7t (d\u00e0nh [&hellip;]<\/p>\n","protected":false},"author":1,"featured_media":0,"parent":118,"menu_order":3,"comment_status":"closed","ping_status":"closed","template":"","meta":[],"_links":{"self":[{"href":"https:\/\/kidsbynature.vn\/index.php\/wp-json\/wp\/v2\/pages\/124"}],"collection":[{"href":"https:\/\/kidsbynature.vn\/index.php\/wp-json\/wp\/v2\/pages"}],"about":[{"href":"https:\/\/kidsbynature.vn\/index.php\/wp-json\/wp\/v2\/types\/page"}],"author":[{"embeddable":true,"href":"https:\/\/kidsbynature.vn\/index.php\/wp-json\/wp\/v2\/users\/1"}],"replies":[{"embeddable":true,"href":"https:\/\/kidsbynature.vn\/index.php\/wp-json\/wp\/v2\/comments?post=124"}],"version-history":[{"count":1,"href":"https:\/\/kidsbynature.vn\/index.php\/wp-json\/wp\/v2\/pages\/124\/revisions"}],"predecessor-version":[{"id":125,"href":"https:\/\/kidsbynature.vn\/index.php\/wp-json\/wp\/v2\/pages\/124\/revisions\/125"}],"up":[{"embeddable":true,"href":"https:\/\/kidsbynature.vn\/index.php\/wp-json\/wp\/v2\/pages\/118"}],"wp:attachment":[{"href":"https:\/\/kidsbynature.vn\/index.php\/wp-json\/wp\/v2\/media?parent=124"}],"curies":[{"name":"wp","href":"https:\/\/api.w.org\/{rel}","templated":true}]}}