{"id":122,"date":"2018-06-18T02:37:32","date_gmt":"2018-06-18T02:37:32","guid":{"rendered":"http:\/\/localhost\/kids\/?page_id=122"},"modified":"2019-08-22T01:26:15","modified_gmt":"2019-08-22T01:26:15","slug":"chuong-trinh-dao-tao","status":"publish","type":"page","link":"https:\/\/kidsbynature.vn\/index.php\/gioi-thieu\/chuong-trinh-dao-tao\/","title":{"rendered":"Ch\u01b0\u01a1ng tr\u00ecnh \u0111\u00e0o t\u1ea1o"},"content":{"rendered":"<h3 style=\"text-align: center;\"><strong>CH\u01af\u01a0NG TR\u00ccNH \u0110\u00c0O T\u1ea0O<\/strong><\/h3>\n<p style=\"text-align: justify;\"><strong>Kids By Nature<\/strong>\u00a0cung c\u1ea5p ch\u01b0\u01a1ng tr\u00ecnh M\u1ea7m non ch\u1ea5t l\u01b0\u1ee3ng cao v\u00e0 cho tr\u1ebb t\u1eeb 15 th\u00e1ng \u0111\u1ebfn 5 tu\u1ed5i. N\u1ed9i dung \u0111\u00e0o t\u1ea1o k\u1ebft h\u1ee3p c\u00e1c ngu\u1ed3n ch\u01b0\u01a1ng tr\u00ecnh gi\u00e1o d\u1ee5c Qu\u1ed1c gia hay tr\u00ean th\u1ebf gi\u1edbi \u0111\u1ec1u \u0111\u01b0\u1ee3c \u0111i\u1ec1u ch\u1ec9nh ph\u00f9 h\u1ee3p v\u1edbi n\u0103ng l\u1ef1c c\u1ee7a h\u1ecdc sinh Vi\u1ec7t Nam.<\/p>\n<p style=\"text-align: justify;\">Tr\u01b0\u1edbc khi t\u1ed1t nghi\u1ec7p, tr\u01b0\u1eddng s\u1ebd gi\u00fap c\u00e1c em chu\u1ea9n b\u1ecb cho k\u1ef3 thi \u0111\u1ea7u v\u00e0o \u1edf c\u00e1c tr\u01b0\u1eddng ti\u1ec3u h\u1ecdc uy t\u00edn c\u1ee7a H\u00e0 N\u1ed9i. \u0110\u00e2y c\u0169ng \u0111\u01b0\u1ee3c coi nh\u01b0 m\u1ed9t ti\u00eau ch\u00ed th\u00e0nh c\u00f4ng trong gi\u1ea3ng d\u1ea1y c\u1ee7a nh\u00e0 tr\u01b0\u1eddng.<\/p>\n<h4><strong>C\u00c1C M\u00d4N H\u1eccC<\/strong><\/h4>\n<ul>\n<li>Nh\u00f3m m\u00f4n h\u1ecdc thu\u1eadt: <em>Ti\u1ebfng Vi\u1ec7t, To\u00e1n, Khoa h\u1ecdc, \u0110\u1ecba l\u00fd, K\u1ef9 n\u0103ng s\u1ed1ng, K\u1ef9 n\u0103ng sinh t\u1ed3n&#8230;<\/em><\/li>\n<li>Nh\u00f3m m\u00f4n th\u1ec3 thao &amp; n\u0103ng khi\u1ebfu: <em>B\u00f3ng r\u1ed5, Yoga, Wushu, B\u01a1i, M\u00faa ballet, Khi\u00eau v\u0169 th\u1ec3 thao, T\u1ea1o h\u00ecnh, \u00c2m nh\u1ea1c&#8230;<\/em><\/li>\n<\/ul>\n","protected":false},"excerpt":{"rendered":"<p>CH\u01af\u01a0NG TR\u00ccNH \u0110\u00c0O T\u1ea0O Kids By Nature\u00a0cung c\u1ea5p ch\u01b0\u01a1ng tr\u00ecnh M\u1ea7m non ch\u1ea5t l\u01b0\u1ee3ng cao v\u00e0 cho tr\u1ebb t\u1eeb 15 th\u00e1ng \u0111\u1ebfn 5 tu\u1ed5i. N\u1ed9i dung \u0111\u00e0o t\u1ea1o k\u1ebft h\u1ee3p c\u00e1c ngu\u1ed3n ch\u01b0\u01a1ng tr\u00ecnh gi\u00e1o d\u1ee5c Qu\u1ed1c gia hay tr\u00ean th\u1ebf gi\u1edbi \u0111\u1ec1u \u0111\u01b0\u1ee3c \u0111i\u1ec1u ch\u1ec9nh ph\u00f9 h\u1ee3p v\u1edbi n\u0103ng l\u1ef1c c\u1ee7a h\u1ecdc sinh Vi\u1ec7t [&hellip;]<\/p>\n","protected":false},"author":1,"featured_media":0,"parent":118,"menu_order":0,"comment_status":"closed","ping_status":"closed","template":"","meta":[],"_links":{"self":[{"href":"https:\/\/kidsbynature.vn\/index.php\/wp-json\/wp\/v2\/pages\/122"}],"collection":[{"href":"https:\/\/kidsbynature.vn\/index.php\/wp-json\/wp\/v2\/pages"}],"about":[{"href":"https:\/\/kidsbynature.vn\/index.php\/wp-json\/wp\/v2\/types\/page"}],"author":[{"embeddable":true,"href":"https:\/\/kidsbynature.vn\/index.php\/wp-json\/wp\/v2\/users\/1"}],"replies":[{"embeddable":true,"href":"https:\/\/kidsbynature.vn\/index.php\/wp-json\/wp\/v2\/comments?post=122"}],"version-history":[{"count":4,"href":"https:\/\/kidsbynature.vn\/index.php\/wp-json\/wp\/v2\/pages\/122\/revisions"}],"predecessor-version":[{"id":216,"href":"https:\/\/kidsbynature.vn\/index.php\/wp-json\/wp\/v2\/pages\/122\/revisions\/216"}],"up":[{"embeddable":true,"href":"https:\/\/kidsbynature.vn\/index.php\/wp-json\/wp\/v2\/pages\/118"}],"wp:attachment":[{"href":"https:\/\/kidsbynature.vn\/index.php\/wp-json\/wp\/v2\/media?parent=122"}],"curies":[{"name":"wp","href":"https:\/\/api.w.org\/{rel}","templated":true}]}}