{"id":120,"date":"2018-06-18T02:30:16","date_gmt":"2018-06-18T02:30:16","guid":{"rendered":"http:\/\/localhost\/kids\/?page_id=120"},"modified":"2018-06-18T02:30:16","modified_gmt":"2018-06-18T02:30:16","slug":"cam-ket-su-menh","status":"publish","type":"page","link":"https:\/\/kidsbynature.vn\/index.php\/gioi-thieu\/cam-ket-su-menh\/","title":{"rendered":"Cam k\u1ebft s\u1ee9 m\u1ec7nh"},"content":{"rendered":"<h3 class=\"sc_title sc_title_regular\" style=\"text-align: center;\"><strong>Cam k\u1ebft s\u1ee9 m\u1ec7nh<\/strong><\/h3>\n<p style=\"text-align: justify;\"><strong>Kids By Nature<\/strong> kh\u1eb3ng \u0111\u1ecbnh quy\u1ebft t\u00e2m mang t\u1edbi m\u1ed9t n\u1ec1n gi\u00e1o d\u1ee5c \u01b0u vi\u1ec7t v\u00e0 gi\u00e0u nh\u00e2n v\u0103n, tr\u00ean c\u01a1 s\u1edf nu\u00f4i d\u01b0\u1ee1ng b\u1eb1ng \u0111a ng\u00f4n ng\u1eef. D\u01b0\u1edbi s\u1ef1 h\u01b0\u1edbng d\u1eabn c\u1ee7a \u0111\u1ed9i ng\u0169 qu\u1ea3n l\u00fd, chuy\u00ean gia, gi\u00e1o vi\u00ean, c\u1ed9ng t\u00e1c vi\u00ean c\u00f3 b\u1ec1 d\u00e0y kinh nghi\u1ec7m, h\u1ecdc sinh c\u1ee7a KBN s\u1ebd tr\u1edf th\u00e0nh nh\u1eefng c\u00f4ng d\u00e2n c\u00f3 t\u1ea5m l\u00f2ng nh\u00e2n \u00e1i, suy ngh\u0129 \u0111\u1ed9c l\u1eadp, s\u00e1ng t\u1ea1o, ki\u00ean tr\u00ec, v\u1edbi th\u1ec3 l\u1ef1c b\u1ec1n b\u1ec9, d\u1ebbo dai \u0111\u1ec3 lu\u00f4n trong t\u00e2m th\u00e1i s\u1eb5n s\u00e0ng tr\u01b0\u1edbc m\u1ecdi th\u1eed th\u00e1ch. M\u1ed7i th\u00e0nh vi\u00ean \u0111\u00f3ng g\u00f3p v\u00e0o s\u1ef1 ph\u00e1t tri\u1ec3n l\u1edbn m\u1ea1nh c\u1ee7a KBN b\u1eb1ng l\u00f2ng trung th\u1ef1c, tinh th\u1ea7n tr\u00e1ch nhi\u1ec7m, b\u00ecnh \u0111\u1eb3ng v\u00e0 t\u00f4n tr\u1ecdng, m\u1ecdi t\u00e2m huy\u1ebft \u0111\u1ec1u d\u00e0nh cho c\u00e1c th\u1ebf h\u1ec7 t\u01b0\u01a1ng lai c\u1ee7a \u0111\u1ea5t n\u01b0\u1edbc.<\/p>\n<p style=\"text-align: justify;\"><strong>KBN th\u1ef1c hi\u1ec7n s\u1ee9 m\u1ec7nh c\u1ee7a m\u00ecnh b\u1eb1ng c\u00e1ch:<\/strong><\/p>\n<ul>\n<li style=\"text-align: justify;\">\n<p style=\"text-align: justify;\">Nu\u00f4i d\u01b0\u1ee1ng v\u00e0 trau d\u1ed3i ti\u1ebfng Vi\u1ec7t cho h\u1ecdc sinh t\u1eeb nh\u1eefng n\u0103m \u0111\u1ea7u \u0111\u1eddi<\/p>\n<\/li>\n<li style=\"text-align: justify;\">\n<p style=\"text-align: justify;\">T\u1ea1o \u0111i\u1ec1u ki\u1ec7n \u0111\u1ec3 h\u1ecdc sinh ti\u1ebfp x\u00fac s\u1edbm v\u1edbi Ti\u1ebfng Anh<\/p>\n<\/li>\n<li style=\"text-align: justify;\">\n<p style=\"text-align: justify;\">G\u00ecn gi\u1eef v\u00e0 n\u00e2ng cao \u00fd th\u1ee9c v\u1ec1 v\u0103n h\u00f3a v\u00e0 phong t\u1ee5c, truy\u1ec1n th\u1ed1ng Vi\u1ec7t Nam<\/p>\n<\/li>\n<li style=\"text-align: justify;\">\n<p style=\"text-align: justify;\">S\u1edbm ti\u1ebfp c\u1eadn v\u00e0 kh\u00e1m ph\u00e1 v\u0103n h\u00f3a th\u1ebf gi\u1edbi<\/p>\n<\/li>\n<li style=\"text-align: justify;\">\n<p style=\"text-align: justify;\">Kh\u00edch l\u1ec7 s\u1ef1 t\u1ef1 tin, tinh th\u1ea7n tr\u00e1ch nhi\u1ec7m v\u00e0 kh\u1ea3 n\u0103ng \u0111\u1ed9c l\u1eadp c\u1ee7a h\u1ecdc sinh<\/p>\n<\/li>\n<li>\n<p style=\"text-align: justify;\">Ph\u00e1t huy t\u00ednh ch\u00ednh tr\u1ef1c, bi\u1ebft t\u00f4n tr\u1ecdng ng\u01b0\u1eddi xung quanh, quan t\u00e2m \u0111\u1ebfn c\u1ed9ng \u0111\u1ed3ng v\u00e0 c\u00e1c v\u1ea5n \u0111\u1ec1 to\u00e0n c\u1ea7u<\/p>\n<\/li>\n<\/ul>\n","protected":false},"excerpt":{"rendered":"<p>Cam k\u1ebft s\u1ee9 m\u1ec7nh Kids By Nature kh\u1eb3ng \u0111\u1ecbnh quy\u1ebft t\u00e2m mang t\u1edbi m\u1ed9t n\u1ec1n gi\u00e1o d\u1ee5c \u01b0u vi\u1ec7t v\u00e0 gi\u00e0u nh\u00e2n v\u0103n, tr\u00ean c\u01a1 s\u1edf nu\u00f4i d\u01b0\u1ee1ng b\u1eb1ng \u0111a ng\u00f4n ng\u1eef. D\u01b0\u1edbi s\u1ef1 h\u01b0\u1edbng d\u1eabn c\u1ee7a \u0111\u1ed9i ng\u0169 qu\u1ea3n l\u00fd, chuy\u00ean gia, gi\u00e1o vi\u00ean, c\u1ed9ng t\u00e1c vi\u00ean c\u00f3 b\u1ec1 d\u00e0y kinh nghi\u1ec7m, h\u1ecdc sinh [&hellip;]<\/p>\n","protected":false},"author":1,"featured_media":0,"parent":118,"menu_order":1,"comment_status":"closed","ping_status":"closed","template":"","meta":[],"_links":{"self":[{"href":"https:\/\/kidsbynature.vn\/index.php\/wp-json\/wp\/v2\/pages\/120"}],"collection":[{"href":"https:\/\/kidsbynature.vn\/index.php\/wp-json\/wp\/v2\/pages"}],"about":[{"href":"https:\/\/kidsbynature.vn\/index.php\/wp-json\/wp\/v2\/types\/page"}],"author":[{"embeddable":true,"href":"https:\/\/kidsbynature.vn\/index.php\/wp-json\/wp\/v2\/users\/1"}],"replies":[{"embeddable":true,"href":"https:\/\/kidsbynature.vn\/index.php\/wp-json\/wp\/v2\/comments?post=120"}],"version-history":[{"count":1,"href":"https:\/\/kidsbynature.vn\/index.php\/wp-json\/wp\/v2\/pages\/120\/revisions"}],"predecessor-version":[{"id":121,"href":"https:\/\/kidsbynature.vn\/index.php\/wp-json\/wp\/v2\/pages\/120\/revisions\/121"}],"up":[{"embeddable":true,"href":"https:\/\/kidsbynature.vn\/index.php\/wp-json\/wp\/v2\/pages\/118"}],"wp:attachment":[{"href":"https:\/\/kidsbynature.vn\/index.php\/wp-json\/wp\/v2\/media?parent=120"}],"curies":[{"name":"wp","href":"https:\/\/api.w.org\/{rel}","templated":true}]}}