{"id":116,"date":"2018-06-18T02:27:49","date_gmt":"2018-06-18T02:27:49","guid":{"rendered":"http:\/\/localhost\/kids\/?page_id=116"},"modified":"2018-06-18T02:27:49","modified_gmt":"2018-06-18T02:27:49","slug":"trai-he-kids-by-nature","status":"publish","type":"page","link":"https:\/\/kidsbynature.vn\/index.php\/trai-he-kids-by-nature\/","title":{"rendered":"TR\u1ea0I H\u00c8 KIDS BY NATURE"},"content":{"rendered":"<h1 style=\"text-align: center;\"><span style=\"color: #339966;\">\u00a0TR\u1ea0I H\u00c8 KIDS BY NATURE<\/span><\/h1>\n<p><strong><span style=\"color: #ff0000;\">\u201cKIDS BY NATURE CLUB\u201d<\/span> <\/strong>\u0111\u01b0\u1ee3c t\u1ea1o d\u1ef1ng b\u1edfi nh\u1eefng ng\u01b0\u1eddi c\u00f3 t\u00e2m huy\u1ebft, \u0111am m\u00ea v\u1edbi tr\u1ebb em v\u00e0 s\u1ef1 ph\u00e1t tri\u1ec3n c\u1ee7a tr\u1ebb. Ch\u00fang t\u00f4i th\u01b0\u1eddng xuy\u00ean \u0111\u1eb7t ra nh\u1eefng c\u00e2u h\u1ecfi: \u1ede l\u1ee9a tu\u1ed5i n\u00e0y, l\u00e0m th\u1ebf n\u00e0o \u0111\u1ec3 gi\u00fap c\u00e1c em c\u00f3 th\u1ec3 kh\u00e1m ph\u00e1 \u0111\u01b0\u1ee3c h\u1ebft ti\u1ec1m n\u0103ng c\u1ee7a m\u00ecnh? Ch\u00fang ta c\u00f3 th\u1ec3 l\u00e0m \u0111\u01b0\u1ee3c g\u00ec t\u1ed1t h\u01a1n cho c\u00e1c em, \u0111\u0103\u0323c bi\u00ea\u0323t va\u0300o ca\u0301c ki\u0300 nghi\u0309 he\u0300?<br \/>\nXu\u1ea5t ph\u00e1t t\u1eeb nh\u1eefng b\u0103n kho\u0103n tr\u00ean, ch\u00fang t\u00f4i \u0111\u00e3 thi\u1ebft k\u1ebf ch\u01b0\u01a1ng tr\u00ecnh tr<span class=\"text_exposed_show\">a\u0323i h\u00e8 \u0111\u1eb7c bi\u1ec7t mang t\u00ean \u201cKIDS BY NATURE\u201d d\u00e0nh cho c\u00e1c ba\u0323n nho\u0309 t\u1eeb 6 \u0111\u1ebfn 13 tu\u1ed5i. B\u00ean ca\u0323nh vi\u00ea\u0323c re\u0300n luy\u00ea\u0323n ca\u0301c ky\u0303 n\u0103ng va\u0300 chuy\u00ean m\u00f4n, tra\u0323i he\u0300 \u201cKIDS BY NATURE\u201d chu\u0301 tro\u0323ng mang \u0111\u00ea\u0301n nh\u01b0\u0303ng ba\u0300i ho\u0323c b\u00f4\u0309 i\u0301ch v\u00ea\u0300 cu\u00f4\u0323c s\u00f4\u0301ng th\u00f4ng qua nh\u01b0\u0303ng tra\u0309i nghi\u00ea\u0323m th\u1ef1c t\u1ebf. T\u01b0\u0300 \u0111o\u0301, ch\u00fang t\u00f4i mong mu\u00f4\u0301n nhi\u0300n th\u00e2\u0301y nh\u01b0\u0303ng thay \u0111\u1ed5i t\u00edch c\u1ef1c \u1edf b\u1ea3n th\u00e2n c\u00e1c em. \u0110\u00f3 l\u00e0 nh\u01b0\u0303ng ha\u0300nh \u0111\u00f4\u0323ng bi\u1ebft y\u00eau th\u01b0\u01a1ng, quan t\u00e2m nh\u1eefng ng\u01b0\u1eddi xung quanh, s\u01b0\u0323 t\u1ef1 do s\u00e1ng t\u1ea1o, t\u01b0\u0323 tin th\u1ec3 hi\u1ec7n b\u1ea3n th\u00e2n, theo \u0111u\u1ed5i \u01b0\u1edbc m\u01a1 c\u1ee7a m\u00ecnh.\u00a0<\/span><\/p>\n","protected":false},"excerpt":{"rendered":"<p>\u00a0TR\u1ea0I H\u00c8 KIDS BY NATURE \u201cKIDS BY NATURE CLUB\u201d \u0111\u01b0\u1ee3c t\u1ea1o d\u1ef1ng b\u1edfi nh\u1eefng ng\u01b0\u1eddi c\u00f3 t\u00e2m huy\u1ebft, \u0111am m\u00ea v\u1edbi tr\u1ebb em v\u00e0 s\u1ef1 ph\u00e1t tri\u1ec3n c\u1ee7a tr\u1ebb. Ch\u00fang t\u00f4i th\u01b0\u1eddng xuy\u00ean \u0111\u1eb7t ra nh\u1eefng c\u00e2u h\u1ecfi: \u1ede l\u1ee9a tu\u1ed5i n\u00e0y, l\u00e0m th\u1ebf n\u00e0o \u0111\u1ec3 gi\u00fap c\u00e1c em c\u00f3 th\u1ec3 kh\u00e1m ph\u00e1 \u0111\u01b0\u1ee3c h\u1ebft [&hellip;]<\/p>\n","protected":false},"author":1,"featured_media":0,"parent":0,"menu_order":0,"comment_status":"closed","ping_status":"closed","template":"","meta":[],"_links":{"self":[{"href":"https:\/\/kidsbynature.vn\/index.php\/wp-json\/wp\/v2\/pages\/116"}],"collection":[{"href":"https:\/\/kidsbynature.vn\/index.php\/wp-json\/wp\/v2\/pages"}],"about":[{"href":"https:\/\/kidsbynature.vn\/index.php\/wp-json\/wp\/v2\/types\/page"}],"author":[{"embeddable":true,"href":"https:\/\/kidsbynature.vn\/index.php\/wp-json\/wp\/v2\/users\/1"}],"replies":[{"embeddable":true,"href":"https:\/\/kidsbynature.vn\/index.php\/wp-json\/wp\/v2\/comments?post=116"}],"version-history":[{"count":1,"href":"https:\/\/kidsbynature.vn\/index.php\/wp-json\/wp\/v2\/pages\/116\/revisions"}],"predecessor-version":[{"id":117,"href":"https:\/\/kidsbynature.vn\/index.php\/wp-json\/wp\/v2\/pages\/116\/revisions\/117"}],"wp:attachment":[{"href":"https:\/\/kidsbynature.vn\/index.php\/wp-json\/wp\/v2\/media?parent=116"}],"curies":[{"name":"wp","href":"https:\/\/api.w.org\/{rel}","templated":true}]}}